{"id":768,"date":"2021-08-18T07:44:15","date_gmt":"2021-08-18T07:44:15","guid":{"rendered":"https:\/\/anadoluvakfi.com\/minik-yurekler-kulubu-copy\/"},"modified":"2026-03-02T09:22:09","modified_gmt":"2026-03-02T09:22:09","slug":"mutevelli-heyeti","status":"publish","type":"page","link":"https:\/\/anadoluvakfi.org\/?page_id=768","title":{"rendered":"M\u00fctevelli Heyeti"},"content":{"rendered":"\t\t<div data-elementor-type=\"wp-page\" data-elementor-id=\"768\" class=\"elementor elementor-768\">\n\t\t\t\t\t\t<section class=\"elementor-section elementor-top-section elementor-element elementor-element-56db3a0 elementor-section-boxed elementor-section-height-default elementor-section-height-default\" data-id=\"56db3a0\" data-element_type=\"section\" data-e-type=\"section\">\n\t\t\t\t\t\t<div class=\"elementor-container elementor-column-gap-default\">\n\t\t\t\t\t<div class=\"elementor-column elementor-col-100 elementor-top-column elementor-element elementor-element-eab29b3\" data-id=\"eab29b3\" data-element_type=\"column\" data-e-type=\"column\">\n\t\t\t<div class=\"elementor-widget-wrap elementor-element-populated\">\n\t\t\t\t\t\t<div class=\"elementor-element elementor-element-c88028e elementor-widget elementor-widget-heading\" data-id=\"c88028e\" data-element_type=\"widget\" data-e-type=\"widget\" data-widget_type=\"heading.default\">\n\t\t\t\t<div class=\"elementor-widget-container\">\n\t\t\t\t\t<h3 class=\"elementor-heading-title elementor-size-default\">M\u00fctevelli Heyeti<\/h3>\t\t\t\t<\/div>\n\t\t\t\t<\/div>\n\t\t\t\t\t<\/div>\n\t\t<\/div>\n\t\t\t\t\t<\/div>\n\t\t<\/section>\n\t\t\t\t<section class=\"elementor-section elementor-top-section elementor-element elementor-element-42fea08 elementor-section-boxed elementor-section-height-default elementor-section-height-default\" data-id=\"42fea08\" data-element_type=\"section\" data-e-type=\"section\">\n\t\t\t\t\t\t<div class=\"elementor-container elementor-column-gap-default\">\n\t\t\t\t\t<div class=\"elementor-column elementor-col-100 elementor-top-column elementor-element elementor-element-7e17344\" data-id=\"7e17344\" data-element_type=\"column\" data-e-type=\"column\">\n\t\t\t<div class=\"elementor-widget-wrap elementor-element-populated\">\n\t\t\t\t\t\t<div class=\"elementor-element elementor-element-f4113d9 elementor-widget elementor-widget-text-editor\" data-id=\"f4113d9\" data-element_type=\"widget\" data-e-type=\"widget\" data-widget_type=\"text-editor.default\">\n\t\t\t\t<div class=\"elementor-widget-container\">\n\t\t\t\t\t\t\t\t\t<p>Vakf\u0131m\u0131z\u0131n M\u00fctevelli Heyeti 20 kurucu ile salt \u00e7o\u011funlukla se\u00e7ilen ilave 20 ki\u015fi olmak \u00fczere toplam 40 ki\u015fiden olu\u015fur.\u00a0<br \/>M\u00fctevelli Heyeti, vakf\u0131n en y\u00fcksek karar organ\u0131 olup ba\u015fl\u0131ca g\u00f6rev ve yetkileri a\u015fa\u011f\u0131da g\u00f6sterilmi\u015ftir.<\/p>\n<p>\u2022\u00a0\u00a0 \u00a0Merkez ve \u015fube y\u00f6netim ve denetim kurullar\u0131n\u0131 se\u00e7mek.<br \/>\u2022\u00a0\u00a0 \u00a0Dan\u0131\u015fma Meclisi \u00fcyelerini se\u00e7mek ve \u00e7al\u0131\u015fma y\u00f6ntemlerini belirlemek.<br \/>\u2022\u00a0\u00a0 \u00a0Vak\u0131f y\u00f6netim kurulunca haz\u0131rlanan faaliyet raporu ile denetim kurulu raporu ve kesin hesaplar\u0131 g\u00f6r\u00fc\u015f\u00fcp incelemek, y\u00f6netim kurulunun ibras\u0131 konusunda karar vermek.<br \/>\u2022\u00a0\u00a0 \u00a0Y\u00f6netim kurulunca haz\u0131rlanan vak\u0131f i\u00e7 mevzuat tasar\u0131lar\u0131n\u0131 aynen veya de\u011fi\u015ftirerek kabul etmek.<br \/>\u2022\u00a0\u00a0 \u00a0Y\u00f6netim Kurulunca haz\u0131rlanacak y\u0131ll\u0131k b\u00fct\u00e7e ve faaliyet tasar\u0131lar\u0131n\u0131 aynen veya de\u011fi\u015ftirerek kabul etmek.<br \/>\u2022\u00a0\u00a0 \u00a0Y\u00f6netim ve Denetim Kurulu \u00fcyelerine huzur hakk\u0131 ve yolluk verilip verilmeyece\u011fini, verilecekse miktar\u0131n\u0131 belirlemek.<br \/>\u2022\u00a0\u00a0 \u00a0Gerekti\u011finde vak\u0131f senedinde ilave ve de\u011fi\u015fiklikler yapmak.<br \/>\u2022\u00a0\u00a0 \u00a0Vak\u0131f faaliyetleri konusunda genel politikalar\u0131 belirlemek.<br \/>\u2022\u00a0\u00a0 \u00a0\u00d6l\u00fcm, istifa, \u00fc\u00e7 m\u00fctevelli toplant\u0131s\u0131na art arda ve mazeretsiz olarak kat\u0131lmamak suretiyle \u00fcyeli\u011fi d\u00fc\u015fen, yasal sebeplerle bo\u015falan m\u00fctevelli heyet \u00fcyelerinin yerine yenisini se\u00e7mek.<br \/>\u2022\u00a0\u00a0 \u00a0Vakf\u0131n feshi veya tasfiyesi ile tasfiye \u015fekline karar vermek.<\/p>\n<p>M\u00fctevelli Heyeti Y\u00f6netim kurulunun haz\u0131rlad\u0131\u011f\u0131 b\u00fct\u00e7e faaliyet pl\u00e2nlar\u0131, bilan\u00e7o-kesin hesap ve \u00e7al\u0131\u015fma raporlar\u0131n\u0131n onaylanmas\u0131 ile se\u00e7imlerin yap\u0131lmas\u0131na ili\u015fkin konular\u0131 g\u00f6r\u00fc\u015fmek \u00fczere her y\u0131l en ge\u00e7 Nisan ay\u0131 sonuna kadar ola\u011fan toplan\u0131r.<br \/>\u00a0<\/p>\n<p><strong>ANADOLU E\u011e\u0130T\u0130M K\u00dcLT\u00dcR VE B\u0130L\u0130M VAKFI<br \/><\/strong><strong>M\u00dcTEVELL\u0130 HEYET \u00dcYELER\u0130<\/strong><\/p>\n<ol>\n<li>Hayrullah BA\u015eER (M\u00fctevelli Heyet Ba\u015fkan\u0131)<\/li>\n<li>Abidin MEM\u0130L\u0130<\/li>\n<li>Adnan YILDIRIM<\/li>\n<li>Ahmet Kas\u0131m \u00d6ZKAN<\/li>\n<li>Akif ASLAN<\/li>\n<li>Ali \u00d6ZKAN<\/li>\n<li>Atalay \u015eAH\u0130N<\/li>\n<li>Celalettin \u00d6LMEZ<\/li>\n<li>Do\u011fan ATAY<\/li>\n<li>Ekrem MEYDANLI<\/li>\n<li>Elif TERZ\u0130<\/li>\n<li>Ercan G\u00dcLEN<\/li>\n<li>Erol G\u00dcROL<\/li>\n<li>Fadime To\u011fa\u00e7 ARSLAN<\/li>\n<li>Faruk BA\u015eO\u011eLU<\/li>\n<li>Fatih ACAR<\/li>\n<li>Fethi ERDO\u011eAN<\/li>\n<li>G\u00fc\u00e7l\u00fc \u015eENEL<\/li>\n<li>Hasan MUTLUO\u011eLU<\/li>\n<li>H\u00fclya \u00d6ZT\u00dcRK<\/li>\n<li>H\u00fcseyin AYAZ<\/li>\n<li>\u0130brahim KUMA\u015e<\/li>\n<li>\u0130sa KELE\u015e<\/li>\n<li>\u0130smail KANDEM\u0130R<\/li>\n<li>Mecnun YILDIZ<\/li>\n<li>Mehmet KARABACAK<\/li>\n<li>Mevl\u00fct AYHAN<\/li>\n<li>Mevl\u00fct EVREN<\/li>\n<li>Mikail HASBEK<\/li>\n<li>Muzaffer YILDIRIM<\/li>\n<li>Nizamettin KUTLU<\/li>\n<li>Nurettin KULAKO\u011eLU<\/li>\n<li>Osman YILMAZ<\/li>\n<li>\u00d6mer KARA<\/li>\n<li>Raif AK<\/li>\n<li>Re\u015fat PETEK<\/li>\n<li>Sad\u0131k KARAARSLAN<\/li>\n<li>\u015eahin KOSD\u0130K<\/li>\n<li>Ufuk ZENC\u0130RKIRAN<\/li>\n<li>Vedat CANBOLAT<\/li>\n<\/ol>\n<p><!-- \/wp:paragraph --><\/p>\t\t\t\t\t\t\t\t<\/div>\n\t\t\t\t<\/div>\n\t\t\t\t\t<\/div>\n\t\t<\/div>\n\t\t\t\t\t<\/div>\n\t\t<\/section>\n\t\t\t\t<\/div>\n\t\t","protected":false},"excerpt":{"rendered":"<p>M\u00fctevelli Heyeti Vakf\u0131m\u0131z\u0131n M\u00fctevelli Heyeti 20 kurucu ile salt \u00e7o\u011funlukla se\u00e7ilen ilave 20 ki\u015fi olmak \u00fczere toplam 40 ki\u015fiden olu\u015fur.\u00a0M\u00fctevelli Heyeti, vakf\u0131n en y\u00fcksek karar organ\u0131 olup ba\u015fl\u0131ca g\u00f6rev ve yetkileri a\u015fa\u011f\u0131da g\u00f6sterilmi\u015ftir. \u2022\u00a0\u00a0 \u00a0Merkez ve \u015fube y\u00f6netim ve denetim kurullar\u0131n\u0131 se\u00e7mek.\u2022\u00a0\u00a0 \u00a0Dan\u0131\u015fma Meclisi \u00fcyelerini se\u00e7mek ve \u00e7al\u0131\u015fma y\u00f6ntemlerini belirlemek.\u2022\u00a0\u00a0 \u00a0Vak\u0131f y\u00f6netim kurulunca haz\u0131rlanan faaliyet [&hellip;]<\/p>\n<div class=\"pvc_clear\"><\/div>\n<p id=\"pvc_stats_768\" class=\"pvc_stats total_only  \" data-element-id=\"768\" style=\"\"><i class=\"pvc-stats-icon medium\" aria-hidden=\"true\"><svg aria-hidden=\"true\" focusable=\"false\" data-prefix=\"far\" data-icon=\"chart-bar\" role=\"img\" xmlns=\"http:\/\/www.w3.org\/2000\/svg\" viewBox=\"0 0 512 512\" class=\"svg-inline--fa fa-chart-bar fa-w-16 fa-2x\"><path fill=\"currentColor\" d=\"M396.8 352h22.4c6.4 0 12.8-6.4 12.8-12.8V108.8c0-6.4-6.4-12.8-12.8-12.8h-22.4c-6.4 0-12.8 6.4-12.8 12.8v230.4c0 6.4 6.4 12.8 12.8 12.8zm-192 0h22.4c6.4 0 12.8-6.4 12.8-12.8V140.8c0-6.4-6.4-12.8-12.8-12.8h-22.4c-6.4 0-12.8 6.4-12.8 12.8v198.4c0 6.4 6.4 12.8 12.8 12.8zm96 0h22.4c6.4 0 12.8-6.4 12.8-12.8V204.8c0-6.4-6.4-12.8-12.8-12.8h-22.4c-6.4 0-12.8 6.4-12.8 12.8v134.4c0 6.4 6.4 12.8 12.8 12.8zM496 400H48V80c0-8.84-7.16-16-16-16H16C7.16 64 0 71.16 0 80v336c0 17.67 14.33 32 32 32h464c8.84 0 16-7.16 16-16v-16c0-8.84-7.16-16-16-16zm-387.2-48h22.4c6.4 0 12.8-6.4 12.8-12.8v-70.4c0-6.4-6.4-12.8-12.8-12.8h-22.4c-6.4 0-12.8 6.4-12.8 12.8v70.4c0 6.4 6.4 12.8 12.8 12.8z\" class=\"\"><\/path><\/svg><\/i> <img decoding=\"async\" width=\"16\" height=\"16\" alt=\"Loading\" src=\"https:\/\/anadoluvakfi.org\/wp-content\/plugins\/page-views-count\/ajax-loader-2x.gif\" border=0 \/><\/p>\n<div class=\"pvc_clear\"><\/div>\n","protected":false},"author":1,"featured_media":0,"parent":0,"menu_order":0,"comment_status":"closed","ping_status":"closed","template":"","meta":{"_acf_changed":false,"_monsterinsights_skip_tracking":false,"_monsterinsights_sitenote_active":false,"_monsterinsights_sitenote_note":"","_monsterinsights_sitenote_category":0,"footnotes":""},"class_list":["post-768","page","type-page","status-publish","hentry"],"acf":[],"aioseo_notices":[],"wpmagazine_modules_lite_featured_media_urls":{"thumbnail":"","cvmm-medium":"","cvmm-medium-plus":"","cvmm-portrait":"","cvmm-medium-square":"","cvmm-large":"","cvmm-small":"","full":""},"categories_names":null,"comments_number":"0","_links":{"self":[{"href":"https:\/\/anadoluvakfi.org\/index.php?rest_route=\/wp\/v2\/pages\/768","targetHints":{"allow":["GET"]}}],"collection":[{"href":"https:\/\/anadoluvakfi.org\/index.php?rest_route=\/wp\/v2\/pages"}],"about":[{"href":"https:\/\/anadoluvakfi.org\/index.php?rest_route=\/wp\/v2\/types\/page"}],"author":[{"embeddable":true,"href":"https:\/\/anadoluvakfi.org\/index.php?rest_route=\/wp\/v2\/users\/1"}],"replies":[{"embeddable":true,"href":"https:\/\/anadoluvakfi.org\/index.php?rest_route=%2Fwp%2Fv2%2Fcomments&post=768"}],"version-history":[{"count":20,"href":"https:\/\/anadoluvakfi.org\/index.php?rest_route=\/wp\/v2\/pages\/768\/revisions"}],"predecessor-version":[{"id":13936,"href":"https:\/\/anadoluvakfi.org\/index.php?rest_route=\/wp\/v2\/pages\/768\/revisions\/13936"}],"wp:attachment":[{"href":"https:\/\/anadoluvakfi.org\/index.php?rest_route=%2Fwp%2Fv2%2Fmedia&parent=768"}],"curies":[{"name":"wp","href":"https:\/\/api.w.org\/{rel}","templated":true}]}}