{"id":764,"date":"2021-08-18T07:43:16","date_gmt":"2021-08-18T07:43:16","guid":{"rendered":"https:\/\/anadoluvakfi.com\/kadin-kollari-copy\/"},"modified":"2021-12-31T06:51:00","modified_gmt":"2021-12-31T06:51:00","slug":"mevzuat","status":"publish","type":"page","link":"https:\/\/anadoluvakfi.org\/?page_id=764","title":{"rendered":"Mevzuat"},"content":{"rendered":"\t\t<div data-elementor-type=\"wp-page\" data-elementor-id=\"764\" class=\"elementor elementor-764\">\n\t\t\t\t\t\t<section class=\"elementor-section elementor-top-section elementor-element elementor-element-27c0fd8 elementor-section-boxed elementor-section-height-default elementor-section-height-default\" data-id=\"27c0fd8\" data-element_type=\"section\" data-e-type=\"section\">\n\t\t\t\t\t\t<div class=\"elementor-container elementor-column-gap-default\">\n\t\t\t\t\t<div class=\"elementor-column elementor-col-100 elementor-top-column elementor-element elementor-element-e8ec4ca\" data-id=\"e8ec4ca\" data-element_type=\"column\" data-e-type=\"column\">\n\t\t\t<div class=\"elementor-widget-wrap elementor-element-populated\">\n\t\t\t\t\t\t<div class=\"elementor-element elementor-element-a95b01a elementor-widget elementor-widget-heading\" data-id=\"a95b01a\" data-element_type=\"widget\" data-e-type=\"widget\" data-widget_type=\"heading.default\">\n\t\t\t\t<div class=\"elementor-widget-container\">\n\t\t\t\t\t<h2 class=\"elementor-heading-title elementor-size-default\">ANADOLU E\u011e\u0130T\u0130M K\u00dcLT\u00dcR VE B\u0130L\u0130M VAKFI MEVZUATI<\/h2>\t\t\t\t<\/div>\n\t\t\t\t<\/div>\n\t\t\t\t<div class=\"elementor-element elementor-element-31aef7f elementor-widget elementor-widget-text-editor\" data-id=\"31aef7f\" data-element_type=\"widget\" data-e-type=\"widget\" data-widget_type=\"text-editor.default\">\n\t\t\t\t<div class=\"elementor-widget-container\">\n\t\t\t\t\t\t\t\t\t<ul><li><a href=\"https:\/\/anadoluvakfi.org\/?p=4569\" target=\"_blank\" rel=\"noopener\"><strong>TAKD\u0130M \/ Av. Hayrullah BA\u015eER<\/strong><\/a><strong>\u00a0\u00a0\u00a0\u00a0\u00a0\u00a0\u00a0\u00a0\u00a0\u00a0 <\/strong><\/li><li><a href=\"https:\/\/anadoluvakfi.org\/?page_id=4588\" target=\"_blank\" rel=\"noopener\"><strong>VAKIF TE\u015eK\u0130LAT \u015eEMASI<\/strong><\/a><\/li><li><a href=\"https:\/\/anadoluvakfi.org\/?p=4605\" target=\"_blank\" rel=\"noopener\"><strong>RESM\u0130 SENET<\/strong><\/a><strong>\u00a0 \u00a0 \u00a0 \u00a0 \u00a0<\/strong><\/li><li><a href=\"https:\/\/anadoluvakfi.org\/?p=4632\" target=\"_blank\" rel=\"noopener\"><strong>Y\u00d6NETMEL\u0130K<\/strong><\/a><strong>\u00a0 \u00a0 \u00a0 \u00a0 \u00a0 \u00a0<\/strong><\/li><li><a href=\"https:\/\/anadoluvakfi.org\/?p=4716\" target=\"_blank\" rel=\"noopener\"><strong>GENEL M\u00dcD\u00dcRL\u00dcK Y\u00d6NERGES\u0130<\/strong><\/a><\/li><li><a href=\"https:\/\/anadoluvakfi.org\/?p=4725\" target=\"_blank\" rel=\"noopener\"><strong>YAYIN Y\u00d6NERGES\u0130<\/strong><\/a><\/li><li><a href=\"https:\/\/anadoluvakfi.org\/?p=4743\" target=\"_blank\" rel=\"noopener\"><strong>BURS Y\u00d6NERGES\u0130<\/strong><\/a><\/li><li><a href=\"https:\/\/anadoluvakfi.org\/?p=4754\" target=\"_blank\" rel=\"noopener\"><strong>E\u011e\u0130T\u0130M VE K\u00dcLT\u00dcR \u00c7ALI\u015eMALARI Y\u00d6NERGES\u0130<\/strong><\/a><\/li><\/ul>\t\t\t\t\t\t\t\t<\/div>\n\t\t\t\t<\/div>\n\t\t\t\t\t<\/div>\n\t\t<\/div>\n\t\t\t\t\t<\/div>\n\t\t<\/section>\n\t\t\t\t<\/div>\n\t\t","protected":false},"excerpt":{"rendered":"<p>ANADOLU E\u011e\u0130T\u0130M K\u00dcLT\u00dcR VE B\u0130L\u0130M VAKFI MEVZUATI TAKD\u0130M \/ Av. Hayrullah BA\u015eER\u00a0\u00a0\u00a0\u00a0\u00a0\u00a0\u00a0\u00a0\u00a0\u00a0 VAKIF TE\u015eK\u0130LAT \u015eEMASI RESM\u0130 SENET\u00a0 \u00a0 \u00a0 \u00a0 \u00a0 Y\u00d6NETMEL\u0130K\u00a0 \u00a0 \u00a0 \u00a0 \u00a0 \u00a0 GENEL M\u00dcD\u00dcRL\u00dcK Y\u00d6NERGES\u0130 YAYIN Y\u00d6NERGES\u0130 BURS Y\u00d6NERGES\u0130 E\u011e\u0130T\u0130M VE K\u00dcLT\u00dcR \u00c7ALI\u015eMALARI Y\u00d6NERGES\u0130<\/p>\n<div class=\"pvc_clear\"><\/div>\n<p id=\"pvc_stats_764\" class=\"pvc_stats total_only  \" data-element-id=\"764\" style=\"\"><i class=\"pvc-stats-icon medium\" aria-hidden=\"true\"><svg aria-hidden=\"true\" focusable=\"false\" data-prefix=\"far\" data-icon=\"chart-bar\" role=\"img\" xmlns=\"http:\/\/www.w3.org\/2000\/svg\" viewBox=\"0 0 512 512\" class=\"svg-inline--fa fa-chart-bar fa-w-16 fa-2x\"><path fill=\"currentColor\" d=\"M396.8 352h22.4c6.4 0 12.8-6.4 12.8-12.8V108.8c0-6.4-6.4-12.8-12.8-12.8h-22.4c-6.4 0-12.8 6.4-12.8 12.8v230.4c0 6.4 6.4 12.8 12.8 12.8zm-192 0h22.4c6.4 0 12.8-6.4 12.8-12.8V140.8c0-6.4-6.4-12.8-12.8-12.8h-22.4c-6.4 0-12.8 6.4-12.8 12.8v198.4c0 6.4 6.4 12.8 12.8 12.8zm96 0h22.4c6.4 0 12.8-6.4 12.8-12.8V204.8c0-6.4-6.4-12.8-12.8-12.8h-22.4c-6.4 0-12.8 6.4-12.8 12.8v134.4c0 6.4 6.4 12.8 12.8 12.8zM496 400H48V80c0-8.84-7.16-16-16-16H16C7.16 64 0 71.16 0 80v336c0 17.67 14.33 32 32 32h464c8.84 0 16-7.16 16-16v-16c0-8.84-7.16-16-16-16zm-387.2-48h22.4c6.4 0 12.8-6.4 12.8-12.8v-70.4c0-6.4-6.4-12.8-12.8-12.8h-22.4c-6.4 0-12.8 6.4-12.8 12.8v70.4c0 6.4 6.4 12.8 12.8 12.8z\" class=\"\"><\/path><\/svg><\/i> <img decoding=\"async\" width=\"16\" height=\"16\" alt=\"Loading\" src=\"https:\/\/anadoluvakfi.org\/wp-content\/plugins\/page-views-count\/ajax-loader-2x.gif\" border=0 \/><\/p>\n<div class=\"pvc_clear\"><\/div>\n","protected":false},"author":1,"featured_media":0,"parent":0,"menu_order":0,"comment_status":"closed","ping_status":"closed","template":"","meta":{"_acf_changed":false,"_monsterinsights_skip_tracking":false,"_monsterinsights_sitenote_active":false,"_monsterinsights_sitenote_note":"","_monsterinsights_sitenote_category":0,"footnotes":""},"class_list":["post-764","page","type-page","status-publish","hentry"],"acf":[],"aioseo_notices":[],"wpmagazine_modules_lite_featured_media_urls":{"thumbnail":"","cvmm-medium":"","cvmm-medium-plus":"","cvmm-portrait":"","cvmm-medium-square":"","cvmm-large":"","cvmm-small":"","full":""},"categories_names":null,"comments_number":"0","_links":{"self":[{"href":"https:\/\/anadoluvakfi.org\/index.php?rest_route=\/wp\/v2\/pages\/764","targetHints":{"allow":["GET"]}}],"collection":[{"href":"https:\/\/anadoluvakfi.org\/index.php?rest_route=\/wp\/v2\/pages"}],"about":[{"href":"https:\/\/anadoluvakfi.org\/index.php?rest_route=\/wp\/v2\/types\/page"}],"author":[{"embeddable":true,"href":"https:\/\/anadoluvakfi.org\/index.php?rest_route=\/wp\/v2\/users\/1"}],"replies":[{"embeddable":true,"href":"https:\/\/anadoluvakfi.org\/index.php?rest_route=%2Fwp%2Fv2%2Fcomments&post=764"}],"version-history":[{"count":149,"href":"https:\/\/anadoluvakfi.org\/index.php?rest_route=\/wp\/v2\/pages\/764\/revisions"}],"predecessor-version":[{"id":4884,"href":"https:\/\/anadoluvakfi.org\/index.php?rest_route=\/wp\/v2\/pages\/764\/revisions\/4884"}],"wp:attachment":[{"href":"https:\/\/anadoluvakfi.org\/index.php?rest_route=%2Fwp%2Fv2%2Fmedia&parent=764"}],"curies":[{"name":"wp","href":"https:\/\/api.w.org\/{rel}","templated":true}]}}