{"id":753,"date":"2021-08-18T07:40:26","date_gmt":"2021-08-18T07:40:26","guid":{"rendered":"https:\/\/anadoluvakfi.com\/danisma-meclisi-copy\/"},"modified":"2021-08-23T10:24:33","modified_gmt":"2021-08-23T10:24:33","slug":"genclik-kollari","status":"publish","type":"page","link":"https:\/\/anadoluvakfi.org\/?page_id=753","title":{"rendered":"Gen\u00e7lik Kollar\u0131"},"content":{"rendered":"\t\t<div data-elementor-type=\"wp-page\" data-elementor-id=\"753\" class=\"elementor elementor-753\">\n\t\t\t\t\t\t<section class=\"elementor-section elementor-top-section elementor-element elementor-element-ebca276 elementor-section-boxed elementor-section-height-default elementor-section-height-default\" data-id=\"ebca276\" data-element_type=\"section\" data-e-type=\"section\">\n\t\t\t\t\t\t<div class=\"elementor-container elementor-column-gap-default\">\n\t\t\t\t\t<div class=\"elementor-column elementor-col-100 elementor-top-column elementor-element elementor-element-560ea01\" data-id=\"560ea01\" data-element_type=\"column\" data-e-type=\"column\">\n\t\t\t<div class=\"elementor-widget-wrap elementor-element-populated\">\n\t\t\t\t\t\t<div class=\"elementor-element elementor-element-bc55de0 elementor-widget elementor-widget-heading\" data-id=\"bc55de0\" data-element_type=\"widget\" data-e-type=\"widget\" data-widget_type=\"heading.default\">\n\t\t\t\t<div class=\"elementor-widget-container\">\n\t\t\t\t\t<h3 class=\"elementor-heading-title elementor-size-default\">Gen\u00e7lik Kollar\u0131<\/h3>\t\t\t\t<\/div>\n\t\t\t\t<\/div>\n\t\t\t\t\t<\/div>\n\t\t<\/div>\n\t\t\t\t\t<\/div>\n\t\t<\/section>\n\t\t\t\t<section class=\"elementor-section elementor-top-section elementor-element elementor-element-1811680 elementor-section-boxed elementor-section-height-default elementor-section-height-default\" data-id=\"1811680\" data-element_type=\"section\" data-e-type=\"section\">\n\t\t\t\t\t\t<div class=\"elementor-container elementor-column-gap-default\">\n\t\t\t\t\t<div class=\"elementor-column elementor-col-50 elementor-top-column elementor-element elementor-element-816e9b7\" data-id=\"816e9b7\" data-element_type=\"column\" data-e-type=\"column\">\n\t\t\t<div class=\"elementor-widget-wrap elementor-element-populated\">\n\t\t\t\t\t\t<div class=\"elementor-element elementor-element-a569b4c elementor-widget elementor-widget-image\" data-id=\"a569b4c\" data-element_type=\"widget\" data-e-type=\"widget\" data-widget_type=\"image.default\">\n\t\t\t\t<div class=\"elementor-widget-container\">\n\t\t\t\t\t\t\t\t\t\t\t\t\t\t\t<img decoding=\"async\" width=\"300\" height=\"129\" src=\"https:\/\/anadoluvakfi.org\/wp-content\/uploads\/2021\/08\/anadolu_vakfi_logolar-04-1-300x129.jpg\" class=\"attachment-medium size-medium wp-image-898\" alt=\"\" srcset=\"https:\/\/anadoluvakfi.org\/wp-content\/uploads\/2021\/08\/anadolu_vakfi_logolar-04-1-300x129.jpg 300w, https:\/\/anadoluvakfi.org\/wp-content\/uploads\/2021\/08\/anadolu_vakfi_logolar-04-1.jpg 766w\" sizes=\"(max-width: 300px) 100vw, 300px\" \/>\t\t\t\t\t\t\t\t\t\t\t\t\t\t\t<\/div>\n\t\t\t\t<\/div>\n\t\t\t\t\t<\/div>\n\t\t<\/div>\n\t\t\t\t<div class=\"elementor-column elementor-col-50 elementor-top-column elementor-element elementor-element-ac14a46\" data-id=\"ac14a46\" data-element_type=\"column\" data-e-type=\"column\">\n\t\t\t<div class=\"elementor-widget-wrap elementor-element-populated\">\n\t\t\t\t\t\t<div class=\"elementor-element elementor-element-4580c6e elementor-widget elementor-widget-text-editor\" data-id=\"4580c6e\" data-element_type=\"widget\" data-e-type=\"widget\" data-widget_type=\"text-editor.default\">\n\t\t\t\t<div class=\"elementor-widget-container\">\n\t\t\t\t\t\t\t\t\t<p><\/p><p>Vakf\u0131m\u0131z, gen\u00e7lerimizin e\u011fitimine katk\u0131 sunmak amac\u0131yla, ihtiyac\u0131 olan \u00f6\u011frencelere imk\u00e2nlar\u0131 \u00f6l\u00e7\u00fcs\u00fcnde burs vermekte ve yurt imk\u00e2n\u0131 sa\u011flamaktad\u0131r.<br \/>Gen\u00e7lerin, kendi aralar\u0131nda sa\u011flayacaklar\u0131 dayan\u0131\u015fma ile y\u00fcr\u00fctecekleri sosyo-k\u00fclt\u00fcrel etkinliklerle, toplumsal problemlere duyarl\u0131l\u0131klar\u0131n\u0131 artt\u0131racak bir organizasyon olarak yap\u0131land\u0131r\u0131lan Gen\u00e7lik kollar\u0131 biriminde;<br \/>Kariyer, kimlik, ki\u015filik ve \u015fahsiyetlerinin olu\u015fumu, sevgi, sayg\u0131 ve y\u00fcksek ideale sahip ahlakl\u0131 birer fert olarak yeti\u015fmeleri i\u00e7in e\u011fitim-k\u00fclt\u00fcr \u00e7al\u0131\u015fmalar\u0131 yap\u0131lmaktad\u0131r.<br \/>Gen\u00e7ler, derslerinden arta kalan zamanlar\u0131nda hayat\u0131n i\u00e7inde tecr\u00fcbeye dayal\u0131 pratik beceri kazanmalar\u0131 i\u00e7in Vakf\u0131m\u0131z\u0131n b\u00fct\u00fcn etkinliklerinde aktif bir \u015fekilde g\u00f6rev almaktad\u0131rlar.<\/p><p><\/p>\t\t\t\t\t\t\t\t<\/div>\n\t\t\t\t<\/div>\n\t\t\t\t\t<\/div>\n\t\t<\/div>\n\t\t\t\t\t<\/div>\n\t\t<\/section>\n\t\t\t\t<\/div>\n\t\t","protected":false},"excerpt":{"rendered":"<p>Gen\u00e7lik Kollar\u0131 Vakf\u0131m\u0131z, gen\u00e7lerimizin e\u011fitimine katk\u0131 sunmak amac\u0131yla, ihtiyac\u0131 olan \u00f6\u011frencelere imk\u00e2nlar\u0131 \u00f6l\u00e7\u00fcs\u00fcnde burs vermekte ve yurt imk\u00e2n\u0131 sa\u011flamaktad\u0131r.Gen\u00e7lerin, kendi aralar\u0131nda sa\u011flayacaklar\u0131 dayan\u0131\u015fma ile y\u00fcr\u00fctecekleri sosyo-k\u00fclt\u00fcrel etkinliklerle, toplumsal problemlere duyarl\u0131l\u0131klar\u0131n\u0131 artt\u0131racak bir organizasyon olarak yap\u0131land\u0131r\u0131lan Gen\u00e7lik kollar\u0131 biriminde;Kariyer, kimlik, ki\u015filik ve \u015fahsiyetlerinin olu\u015fumu, sevgi, sayg\u0131 ve y\u00fcksek ideale sahip ahlakl\u0131 birer fert olarak yeti\u015fmeleri i\u00e7in [&hellip;]<\/p>\n<div class=\"pvc_clear\"><\/div>\n<p id=\"pvc_stats_753\" class=\"pvc_stats total_only  \" data-element-id=\"753\" style=\"\"><i class=\"pvc-stats-icon medium\" aria-hidden=\"true\"><svg aria-hidden=\"true\" focusable=\"false\" data-prefix=\"far\" data-icon=\"chart-bar\" role=\"img\" xmlns=\"http:\/\/www.w3.org\/2000\/svg\" viewBox=\"0 0 512 512\" class=\"svg-inline--fa fa-chart-bar fa-w-16 fa-2x\"><path fill=\"currentColor\" d=\"M396.8 352h22.4c6.4 0 12.8-6.4 12.8-12.8V108.8c0-6.4-6.4-12.8-12.8-12.8h-22.4c-6.4 0-12.8 6.4-12.8 12.8v230.4c0 6.4 6.4 12.8 12.8 12.8zm-192 0h22.4c6.4 0 12.8-6.4 12.8-12.8V140.8c0-6.4-6.4-12.8-12.8-12.8h-22.4c-6.4 0-12.8 6.4-12.8 12.8v198.4c0 6.4 6.4 12.8 12.8 12.8zm96 0h22.4c6.4 0 12.8-6.4 12.8-12.8V204.8c0-6.4-6.4-12.8-12.8-12.8h-22.4c-6.4 0-12.8 6.4-12.8 12.8v134.4c0 6.4 6.4 12.8 12.8 12.8zM496 400H48V80c0-8.84-7.16-16-16-16H16C7.16 64 0 71.16 0 80v336c0 17.67 14.33 32 32 32h464c8.84 0 16-7.16 16-16v-16c0-8.84-7.16-16-16-16zm-387.2-48h22.4c6.4 0 12.8-6.4 12.8-12.8v-70.4c0-6.4-6.4-12.8-12.8-12.8h-22.4c-6.4 0-12.8 6.4-12.8 12.8v70.4c0 6.4 6.4 12.8 12.8 12.8z\" class=\"\"><\/path><\/svg><\/i> <img decoding=\"async\" width=\"16\" height=\"16\" alt=\"Loading\" src=\"https:\/\/anadoluvakfi.org\/wp-content\/plugins\/page-views-count\/ajax-loader-2x.gif\" border=0 \/><\/p>\n<div class=\"pvc_clear\"><\/div>\n","protected":false},"author":1,"featured_media":0,"parent":0,"menu_order":0,"comment_status":"closed","ping_status":"closed","template":"","meta":{"_acf_changed":false,"_monsterinsights_skip_tracking":false,"_monsterinsights_sitenote_active":false,"_monsterinsights_sitenote_note":"","_monsterinsights_sitenote_category":0,"footnotes":""},"class_list":["post-753","page","type-page","status-publish","hentry"],"acf":[],"aioseo_notices":[],"wpmagazine_modules_lite_featured_media_urls":{"thumbnail":"","cvmm-medium":"","cvmm-medium-plus":"","cvmm-portrait":"","cvmm-medium-square":"","cvmm-large":"","cvmm-small":"","full":""},"categories_names":null,"comments_number":"0","_links":{"self":[{"href":"https:\/\/anadoluvakfi.org\/index.php?rest_route=\/wp\/v2\/pages\/753","targetHints":{"allow":["GET"]}}],"collection":[{"href":"https:\/\/anadoluvakfi.org\/index.php?rest_route=\/wp\/v2\/pages"}],"about":[{"href":"https:\/\/anadoluvakfi.org\/index.php?rest_route=\/wp\/v2\/types\/page"}],"author":[{"embeddable":true,"href":"https:\/\/anadoluvakfi.org\/index.php?rest_route=\/wp\/v2\/users\/1"}],"replies":[{"embeddable":true,"href":"https:\/\/anadoluvakfi.org\/index.php?rest_route=%2Fwp%2Fv2%2Fcomments&post=753"}],"version-history":[{"count":9,"href":"https:\/\/anadoluvakfi.org\/index.php?rest_route=\/wp\/v2\/pages\/753\/revisions"}],"predecessor-version":[{"id":1275,"href":"https:\/\/anadoluvakfi.org\/index.php?rest_route=\/wp\/v2\/pages\/753\/revisions\/1275"}],"wp:attachment":[{"href":"https:\/\/anadoluvakfi.org\/index.php?rest_route=%2Fwp%2Fv2%2Fmedia&parent=753"}],"curies":[{"name":"wp","href":"https:\/\/api.w.org\/{rel}","templated":true}]}}