{"id":751,"date":"2021-08-18T07:39:55","date_gmt":"2021-08-18T07:39:55","guid":{"rendered":"https:\/\/anadoluvakfi.com\/ayizi-dergisi-copy\/"},"modified":"2023-12-08T09:33:46","modified_gmt":"2023-12-08T09:33:46","slug":"danisma-meclisi","status":"publish","type":"page","link":"https:\/\/anadoluvakfi.org\/?page_id=751","title":{"rendered":"Dan\u0131\u015fma Meclisi"},"content":{"rendered":"\t\t<div data-elementor-type=\"wp-page\" data-elementor-id=\"751\" class=\"elementor elementor-751\">\n\t\t\t\t\t\t<section class=\"elementor-section elementor-top-section elementor-element elementor-element-48c06a3 elementor-section-boxed elementor-section-height-default elementor-section-height-default\" data-id=\"48c06a3\" data-element_type=\"section\" data-e-type=\"section\">\n\t\t\t\t\t\t<div class=\"elementor-container elementor-column-gap-default\">\n\t\t\t\t\t<div class=\"elementor-column elementor-col-100 elementor-top-column elementor-element elementor-element-09ebbb7\" data-id=\"09ebbb7\" data-element_type=\"column\" data-e-type=\"column\">\n\t\t\t<div class=\"elementor-widget-wrap elementor-element-populated\">\n\t\t\t\t\t\t<div class=\"elementor-element elementor-element-16301aa elementor-widget elementor-widget-heading\" data-id=\"16301aa\" data-element_type=\"widget\" data-e-type=\"widget\" data-widget_type=\"heading.default\">\n\t\t\t\t<div class=\"elementor-widget-container\">\n\t\t\t\t\t<h3 class=\"elementor-heading-title elementor-size-default\">Dan\u0131\u015fma Meclisi<\/h3>\t\t\t\t<\/div>\n\t\t\t\t<\/div>\n\t\t\t\t\t<\/div>\n\t\t<\/div>\n\t\t\t\t\t<\/div>\n\t\t<\/section>\n\t\t\t\t<section class=\"elementor-section elementor-top-section elementor-element elementor-element-2a7ce2e elementor-section-boxed elementor-section-height-default elementor-section-height-default\" data-id=\"2a7ce2e\" data-element_type=\"section\" data-e-type=\"section\">\n\t\t\t\t\t\t<div class=\"elementor-container elementor-column-gap-default\">\n\t\t\t\t\t<div class=\"elementor-column elementor-col-50 elementor-top-column elementor-element elementor-element-308c723\" data-id=\"308c723\" data-element_type=\"column\" data-e-type=\"column\">\n\t\t\t<div class=\"elementor-widget-wrap elementor-element-populated\">\n\t\t\t\t\t\t<div class=\"elementor-element elementor-element-afd6050 elementor-widget elementor-widget-image\" data-id=\"afd6050\" data-element_type=\"widget\" data-e-type=\"widget\" data-widget_type=\"image.default\">\n\t\t\t\t<div class=\"elementor-widget-container\">\n\t\t\t\t\t\t\t\t\t\t\t\t\t\t\t<img decoding=\"async\" width=\"300\" height=\"129\" src=\"https:\/\/anadoluvakfi.org\/wp-content\/uploads\/2021\/08\/anadolu_vakfi_logolar-01-1-300x129.jpg\" class=\"attachment-medium size-medium wp-image-893\" alt=\"\" srcset=\"https:\/\/anadoluvakfi.org\/wp-content\/uploads\/2021\/08\/anadolu_vakfi_logolar-01-1-300x129.jpg 300w, https:\/\/anadoluvakfi.org\/wp-content\/uploads\/2021\/08\/anadolu_vakfi_logolar-01-1.jpg 766w\" sizes=\"(max-width: 300px) 100vw, 300px\" \/>\t\t\t\t\t\t\t\t\t\t\t\t\t\t\t<\/div>\n\t\t\t\t<\/div>\n\t\t\t\t\t<\/div>\n\t\t<\/div>\n\t\t\t\t<div class=\"elementor-column elementor-col-50 elementor-top-column elementor-element elementor-element-1d7bf60\" data-id=\"1d7bf60\" data-element_type=\"column\" data-e-type=\"column\">\n\t\t\t<div class=\"elementor-widget-wrap elementor-element-populated\">\n\t\t\t\t\t\t<div class=\"elementor-element elementor-element-216f1d5 elementor-widget elementor-widget-text-editor\" data-id=\"216f1d5\" data-element_type=\"widget\" data-e-type=\"widget\" data-widget_type=\"text-editor.default\">\n\t\t\t\t<div class=\"elementor-widget-container\">\n\t\t\t\t\t\t\t\t\t<p>Vakf\u0131n en \u00f6nemli isti\u015fare organ\u0131 olan Dan\u0131\u015fma Meclisi; Vak\u0131f ama\u00e7lar\u0131n\u0131n ger\u00e7ekle\u015ftirilmesi, hizmet alanlar\u0131 etkinli\u011finin ve verimlili\u011finin art\u0131r\u0131lmas\u0131, vakf\u0131n ileriye d\u00f6n\u00fck hedef ve politikalar\u0131n\u0131n belirlenmesi gibi konularda \u00e7al\u0131\u015fmalar yapan bir kuruldur. (Vak\u0131f Senedi M.15)<\/p>\t\t\t\t\t\t\t\t<\/div>\n\t\t\t\t<\/div>\n\t\t\t\t\t<\/div>\n\t\t<\/div>\n\t\t\t\t\t<\/div>\n\t\t<\/section>\n\t\t\t\t<section class=\"elementor-section elementor-top-section elementor-element elementor-element-1c8f5a2 elementor-section-boxed elementor-section-height-default elementor-section-height-default\" data-id=\"1c8f5a2\" data-element_type=\"section\" data-e-type=\"section\">\n\t\t\t\t\t\t<div class=\"elementor-container elementor-column-gap-default\">\n\t\t\t\t\t<div class=\"elementor-column elementor-col-100 elementor-top-column elementor-element elementor-element-8d786f6\" data-id=\"8d786f6\" data-element_type=\"column\" data-e-type=\"column\">\n\t\t\t<div class=\"elementor-widget-wrap elementor-element-populated\">\n\t\t\t\t\t\t<div class=\"elementor-element elementor-element-22c7656 elementor-widget elementor-widget-text-editor\" data-id=\"22c7656\" data-element_type=\"widget\" data-e-type=\"widget\" data-widget_type=\"text-editor.default\">\n\t\t\t\t<div class=\"elementor-widget-container\">\n\t\t\t\t\t\t\t\t\t<p><\/p>\n<p><strong>ANADOLU E\u011e\u0130T\u0130M K\u00dcLT\u00dcR VE B\u0130L\u0130M VAKFI<br \/><\/strong><strong>DANI\u015eMA MECL\u0130S\u0130 \u00dcYELER\u0130\u00a0 \u00a0 <\/strong><\/p>\n<ol>\n<li>Abdulbaki B\u0130LG\u0130N<\/li>\n<li>Abdulkadir KARAMAN<\/li>\n<li>Abdulkadir K\u00d6SEO\u011eLU<\/li>\n<li>Abdullah \u00c7ATI<\/li>\n<li>Abdullah \u00c7EL\u0130K<\/li>\n<li>Abdurrahman ZEYNAL<\/li>\n<li>Abd\u00fcssamet YILMAZ<\/li>\n<li>Adem \u00c7AKICI<\/li>\n<li>Ahmet AKBABA (Do\u00e7. Dr.)<\/li>\n<li>Ahmet AKINCI<\/li>\n<li>Ahmet C\u0130VC\u0130R<\/li>\n<li>Ahmet ERDAL<\/li>\n<li>Ahmet KARATA\u015e<\/li>\n<li>Ahmet TEPE<\/li>\n<li>Alaattin DURAL\u0130<\/li>\n<li>Ali AKBULUT<\/li>\n<li>Ali ERDO\u011eAN<\/li>\n<li>Ali Kerrar ULU<\/li>\n<li>Ali Sabit AKSOY<\/li>\n<li>Ali TEPE (Dr.)<\/li>\n<li>Ali UZ<\/li>\n<li>Alim KORMAZ<\/li>\n<li>As\u0131m ERASLAN<\/li>\n<li>Ayd\u0131n \u015eIK<\/li>\n<li>Ayhan Y\u00dcR\u00dcYEN<\/li>\n<li>Ay\u015fe AYDIN<\/li>\n<li>Ay\u015fe YILDIRIM<\/li>\n<li>Ay\u015feg\u00fcl Aslan ARTUN<\/li>\n<li>Aziz KARATA\u015e<\/li>\n<li>Bekir YAZICI<\/li>\n<li>Be\u015fir YILMAZ\u00a0<\/li>\n<li>Caner ARABACI (Do\u00e7. Dr.)<\/li>\n<li>Cavit TA\u015eDEM\u0130R<\/li>\n<li>Celalettin \u00d6LMEZ<\/li>\n<li>Cemal AKKU\u015e<\/li>\n<li>Cemil \u00c7EL\u0130K (Prof. Dr.)<\/li>\n<li>Demirhan Y\u00dcCEL<\/li>\n<li>Ebubekir KA\u00c7MAZ<\/li>\n<li>Edip Ahmet CEYLAN<\/li>\n<li>Ekrem KARAHAN<\/li>\n<li>Ekrem MEYDANLI<\/li>\n<li>Erdal BOZKURT<\/li>\n<li>Ergin ABANOZ<\/li>\n<li>Ertu\u011frul YAL\u00c7INKAYA<\/li>\n<li>Fadime To\u011fa\u00e7 ARSLAN<\/li>\n<li>Faruk BORAN<\/li>\n<li>Fatih BA\u015eKAL<\/li>\n<li>Fatih \u00d6LEMEZ<\/li>\n<li>Ferami YILDIRIM<\/li>\n<li>Gazi DENG\u0130Z<\/li>\n<li>G\u00f6khan ASLAN<\/li>\n<li>G\u00f6khan S\u00d6ZEN<\/li>\n<li>G\u00fcl\u015fah DORA<\/li>\n<li>Hac\u0131 \u00d6mer G\u00dcLSEREN<\/li>\n<li>Hakan \u0130NC\u0130 (Do\u00e7. Dr.)<\/li>\n<li>Haki \u0130NC\u0130<\/li>\n<li>Hakk\u0131 Mehmet YANMAZ<\/li>\n<li>Halil G\u00d6\u00c7MEN<\/li>\n<li>Halis \u00d6LMEZ (Prof. Dr.)<\/li>\n<li>Hasan BA\u015eT\u00dcRK<\/li>\n<li>Hasan ERASLAN<\/li>\n<li>Hasan Fevzi \u00c7\u00dcGEN<\/li>\n<li>Hasan KURTBEY<\/li>\n<li>Hasan MUTLUO\u011eLU<\/li>\n<li>Hasan P\u0130LAVCI<\/li>\n<li>Hasan YA\u011eDIRAN<\/li>\n<li>Ha\u015fim AYTEN<\/li>\n<li>Hayrettin EB\u0130R\u0130<\/li>\n<li>Hayrettin Y\u00dcCEL<\/li>\n<li>H\u00fclya \u00d6ZT\u00dcRK<\/li>\n<li>H\u00fcseyin KESK\u0130N<\/li>\n<li>H\u00fcseyin SOYDAR<\/li>\n<li>I\u015f\u0131lay ARKAN<\/li>\n<li>\u0130brahim D\u0130LER<\/li>\n<li>\u0130brahim G\u00dcLSU<\/li>\n<li>\u0130brahim \u00d6Z<\/li>\n<li>\u0130brahim URAL<\/li>\n<li>\u0130dris DO\u011eAN<\/li>\n<li>\u0130lhan AKKURT<\/li>\n<li>\u0130lyas DAMAR<\/li>\n<li>\u0130lyas KAPISIZ<\/li>\n<li>\u0130smail AYDIN<\/li>\n<li>\u0130smail Hakk\u0131 \u00c7ITTIR<\/li>\n<li>\u0130smail Hakk\u0131 NAK\u0130LC\u0130O\u011eLU (Prof. Dr.)<\/li>\n<li>\u0130smail KANDEM\u0130R<\/li>\n<li>\u0130smail K\u00d6SEM<\/li>\n<li>\u0130smail U\u011eURLUT\u0130RYAK\u0130<\/li>\n<li>\u0130smail YILDIRIM<\/li>\n<li>\u0130zzet K\u00dcT\u00dcKO\u011eLU<\/li>\n<li>Kadir \u00c7ALI\u015eICI<\/li>\n<li>Kadri KOCA<\/li>\n<li>Kamil B\u00dcY\u00dcKER<\/li>\n<li>Kaz\u0131m TOYDEM\u0130R<\/li>\n<li>Kelami AKG\u00dcL<\/li>\n<li>Kemal DEM\u0130R<\/li>\n<li>Kemali TA\u015eKIN\u015eEN<\/li>\n<li>Keziban AY<\/li>\n<li>Kuddus\u00fc \u00dcNAL<\/li>\n<li>L\u00fctf\u00fc \u00d6ZKAN<\/li>\n<li>Mansur ESEN<\/li>\n<li>Mansur HARMANDAR (Prof. Dr.)<\/li>\n<li>Mecnun YILDIZ (Dr.)<\/li>\n<li>Mehmet Akif KO\u00c7<\/li>\n<li>Mehmet AKSU<\/li>\n<li>Mehmet Ali ALKU\u015e<\/li>\n<li>Mehmet Ali \u00c7EL\u0130K<\/li>\n<li>Mehmet Ali MEYDANLI<\/li>\n<li>Mehmet ALTUNAY<\/li>\n<li>Mehmet Durak C\u0130VELEK<\/li>\n<li>Mehmet Emre MUTLUO\u011eLU<\/li>\n<li>Mehmet HEK\u0130M<\/li>\n<li>Mehmet KUM<\/li>\n<li>Mehmet KUM<\/li>\n<li>Mehmet \u00d6ZMEN<\/li>\n<li>Mehmet SOLMAZ<\/li>\n<li>Mesut \u015e\u0130R\u0130N<\/li>\n<li>Metin ULUSAL<\/li>\n<li>Mevl\u00fct AYHAN<\/li>\n<li>Mevl\u00fct U\u011eUR<\/li>\n<li>Muhammed Cihan AYAZ<\/li>\n<li>Muhammed Emin KULAKO\u011eLU<\/li>\n<li>Muhammed Fatih YILDIRIM<\/li>\n<li>Murat ERDO\u011eAN<\/li>\n<li>Musa K\u00d6SE<\/li>\n<li>Mustafa AKARSLAN<\/li>\n<li>Mustafa ATLI<\/li>\n<li>Mustafa AYDIN<\/li>\n<li>Mustafa BA\u015eER<\/li>\n<li>Mustafa \u00c7AKIR<\/li>\n<li>Mustafa DORA<\/li>\n<li>Mustafa D\u00dcNDAR<\/li>\n<li>Mustafa ERTEK<\/li>\n<li>Mustafa G\u00d6NEN<\/li>\n<li>Mustafa G\u00dcRSES<\/li>\n<li>Mustafa KABATA\u015e<\/li>\n<li>Mustafa Koray ALTUN<\/li>\n<li>Mustafa TOSUN<\/li>\n<li>Mustafa UYSAL<\/li>\n<li>M\u00fcjdat KAHVE<\/li>\n<li>Naci \u00d6ZKAN<\/li>\n<li>Nebil ALPARSLAN<\/li>\n<li>Necati CEYLAN<\/li>\n<li>Necati KIRI\u015e<\/li>\n<li>Necati SOFUO\u011eLU<\/li>\n<li>Necdet ERG\u00dcN<\/li>\n<li>Necip AVCI<\/li>\n<li>Necmettin \u00d6ZDEM\u0130R<\/li>\n<li>Necmettin T\u00dcR\u0130NAY (Dr.)<\/li>\n<li>Nihat AKG\u00dcL<\/li>\n<li>Nihat SOFUO\u011eLU<\/li>\n<li>Nurettin TANRIVERD\u0130<\/li>\n<li>Nurullah \u00d6P\u00d6Z<\/li>\n<li>O\u011fuz BOZKURT<\/li>\n<li>Osman \u00d6\u011e\u00dcT\u00c7\u00dc<\/li>\n<li>Oya AYDIN<\/li>\n<li>\u00d6mer Faruk OTACI<\/li>\n<li>\u00d6mer KARA<\/li>\n<li>Perihan BA\u015eER<\/li>\n<li>Rahmi G\u00dcNG\u00d6R<\/li>\n<li>Ramazan \u00d6ZER<\/li>\n<li>Recep AZAKLI<\/li>\n<li>Re\u015fat BURAK<\/li>\n<li>Reyyan G\u00dcROL<\/li>\n<li>Sabahattin ARVAS<\/li>\n<li>Sabri SARIKAYA<\/li>\n<li>Sabri TURHAN<\/li>\n<li>Sait KARAKAYA<\/li>\n<li>Sait KORKUT<\/li>\n<li>Salih \u00c7AMUR<\/li>\n<li>Sami DEM\u0130RKAYA<\/li>\n<li>Sefa KILI\u00c7<\/li>\n<li>Serdar MEM\u0130L\u0130<\/li>\n<li>Servet ALAN<\/li>\n<li>Seyithan KAYA<\/li>\n<li>Sinan B\u0130LG\u0130NER<\/li>\n<li>Suphi \u00c7\u0130\u00c7EK<\/li>\n<li>S\u00fcleyman ATA<\/li>\n<li>S\u00fcleyman BA\u011eCI<\/li>\n<li>S\u00fcmeyye G\u00dcROL TEPE<\/li>\n<li>S\u00fcnd\u00fcs G\u00dcROL<\/li>\n<li>\u015eahin UZUN<\/li>\n<li>\u015eakir SUDA<\/li>\n<li>\u015eerife BALKIZ<\/li>\n<li>\u015eevki BURAK<\/li>\n<li>\u015euayip YE\u011eEN<\/li>\n<li>\u015e\u00fckr\u00fc \u00c7ALI\u015eKAN<\/li>\n<li>Tahir YA\u015eAR (Yard. Do\u00e7. Dr.)<\/li>\n<li>Talip \u00d6ZDE\u015e (Prof. Dr.)<\/li>\n<li>Tevfik ARIKAN<\/li>\n<li>Tevfik KARABULUT<\/li>\n<li>U\u011fur K\u00dc\u00c7\u00dcK<\/li>\n<li>Vural Yavuz \u00c7A\u011eLAYAN<\/li>\n<li>Yal\u00e7\u0131n KARADAVUT<\/li>\n<li>Ya\u015far BOZ<\/li>\n<li>Ya\u015far \u00c7AKIR<\/li>\n<li>Yusuf DEM\u0130R (Prof. Dr.)<\/li>\n<li>Yusuf ERKO\u00c7<\/li>\n<li>Zeynel BALKIZ<\/li>\n<li>Zeynel KILI\u00c7<\/li>\n<li>Z\u00fchre \u00c7\u0130\u00c7EK<\/li>\n<\/ol>\n<p><\/p>\t\t\t\t\t\t\t\t<\/div>\n\t\t\t\t<\/div>\n\t\t\t\t\t<\/div>\n\t\t<\/div>\n\t\t\t\t\t<\/div>\n\t\t<\/section>\n\t\t\t\t<\/div>\n\t\t","protected":false},"excerpt":{"rendered":"<p>Dan\u0131\u015fma Meclisi Vakf\u0131n en \u00f6nemli isti\u015fare organ\u0131 olan Dan\u0131\u015fma Meclisi; Vak\u0131f ama\u00e7lar\u0131n\u0131n ger\u00e7ekle\u015ftirilmesi, hizmet alanlar\u0131 etkinli\u011finin ve verimlili\u011finin art\u0131r\u0131lmas\u0131, vakf\u0131n ileriye d\u00f6n\u00fck hedef ve politikalar\u0131n\u0131n belirlenmesi gibi konularda \u00e7al\u0131\u015fmalar yapan bir kuruldur. (Vak\u0131f Senedi M.15) ANADOLU E\u011e\u0130T\u0130M K\u00dcLT\u00dcR VE B\u0130L\u0130M VAKFIDANI\u015eMA MECL\u0130S\u0130 \u00dcYELER\u0130\u00a0 \u00a0 Abdulbaki B\u0130LG\u0130N Abdulkadir KARAMAN Abdulkadir K\u00d6SEO\u011eLU Abdullah \u00c7ATI Abdullah \u00c7EL\u0130K Abdurrahman [&hellip;]<\/p>\n<div class=\"pvc_clear\"><\/div>\n<p id=\"pvc_stats_751\" class=\"pvc_stats total_only  \" data-element-id=\"751\" style=\"\"><i class=\"pvc-stats-icon medium\" aria-hidden=\"true\"><svg aria-hidden=\"true\" focusable=\"false\" data-prefix=\"far\" data-icon=\"chart-bar\" role=\"img\" xmlns=\"http:\/\/www.w3.org\/2000\/svg\" viewBox=\"0 0 512 512\" class=\"svg-inline--fa fa-chart-bar fa-w-16 fa-2x\"><path fill=\"currentColor\" d=\"M396.8 352h22.4c6.4 0 12.8-6.4 12.8-12.8V108.8c0-6.4-6.4-12.8-12.8-12.8h-22.4c-6.4 0-12.8 6.4-12.8 12.8v230.4c0 6.4 6.4 12.8 12.8 12.8zm-192 0h22.4c6.4 0 12.8-6.4 12.8-12.8V140.8c0-6.4-6.4-12.8-12.8-12.8h-22.4c-6.4 0-12.8 6.4-12.8 12.8v198.4c0 6.4 6.4 12.8 12.8 12.8zm96 0h22.4c6.4 0 12.8-6.4 12.8-12.8V204.8c0-6.4-6.4-12.8-12.8-12.8h-22.4c-6.4 0-12.8 6.4-12.8 12.8v134.4c0 6.4 6.4 12.8 12.8 12.8zM496 400H48V80c0-8.84-7.16-16-16-16H16C7.16 64 0 71.16 0 80v336c0 17.67 14.33 32 32 32h464c8.84 0 16-7.16 16-16v-16c0-8.84-7.16-16-16-16zm-387.2-48h22.4c6.4 0 12.8-6.4 12.8-12.8v-70.4c0-6.4-6.4-12.8-12.8-12.8h-22.4c-6.4 0-12.8 6.4-12.8 12.8v70.4c0 6.4 6.4 12.8 12.8 12.8z\" class=\"\"><\/path><\/svg><\/i> <img decoding=\"async\" width=\"16\" height=\"16\" alt=\"Loading\" src=\"https:\/\/anadoluvakfi.org\/wp-content\/plugins\/page-views-count\/ajax-loader-2x.gif\" border=0 \/><\/p>\n<div class=\"pvc_clear\"><\/div>\n","protected":false},"author":1,"featured_media":0,"parent":0,"menu_order":0,"comment_status":"closed","ping_status":"closed","template":"","meta":{"_acf_changed":false,"_monsterinsights_skip_tracking":false,"_monsterinsights_sitenote_active":false,"_monsterinsights_sitenote_note":"","_monsterinsights_sitenote_category":0,"footnotes":""},"class_list":["post-751","page","type-page","status-publish","hentry"],"acf":[],"aioseo_notices":[],"wpmagazine_modules_lite_featured_media_urls":{"thumbnail":"","cvmm-medium":"","cvmm-medium-plus":"","cvmm-portrait":"","cvmm-medium-square":"","cvmm-large":"","cvmm-small":"","full":""},"categories_names":null,"comments_number":"0","_links":{"self":[{"href":"https:\/\/anadoluvakfi.org\/index.php?rest_route=\/wp\/v2\/pages\/751","targetHints":{"allow":["GET"]}}],"collection":[{"href":"https:\/\/anadoluvakfi.org\/index.php?rest_route=\/wp\/v2\/pages"}],"about":[{"href":"https:\/\/anadoluvakfi.org\/index.php?rest_route=\/wp\/v2\/types\/page"}],"author":[{"embeddable":true,"href":"https:\/\/anadoluvakfi.org\/index.php?rest_route=\/wp\/v2\/users\/1"}],"replies":[{"embeddable":true,"href":"https:\/\/anadoluvakfi.org\/index.php?rest_route=%2Fwp%2Fv2%2Fcomments&post=751"}],"version-history":[{"count":11,"href":"https:\/\/anadoluvakfi.org\/index.php?rest_route=\/wp\/v2\/pages\/751\/revisions"}],"predecessor-version":[{"id":8250,"href":"https:\/\/anadoluvakfi.org\/index.php?rest_route=\/wp\/v2\/pages\/751\/revisions\/8250"}],"wp:attachment":[{"href":"https:\/\/anadoluvakfi.org\/index.php?rest_route=%2Fwp%2Fv2%2Fmedia&parent=751"}],"curies":[{"name":"wp","href":"https:\/\/api.w.org\/{rel}","templated":true}]}}